{"id":1413,"date":"2024-10-29T16:36:28","date_gmt":"2024-10-29T16:36:28","guid":{"rendered":"https:\/\/www.peter-zaspel.de\/?page_id=1413"},"modified":"2026-02-18T14:26:49","modified_gmt":"2026-02-18T14:26:49","slug":"m-sc-louise-schaub","status":"publish","type":"page","link":"https:\/\/www.peter-zaspel.de\/?page_id=1413","title":{"rendered":"Louise Schaub"},"content":{"rendered":"\n<p><strong>PhD candidate at Bergische Universit\u00e4t Wuppertal.<\/strong><\/p>\n\n\n\n<p>Bergische Universit\u00e4t Wuppertal<br>Gau\u00dfstra\u00dfe 20<br>42119 Wuppertal, Germany<\/p>\n\n\n\n<p>Tel: +49 202 439-5247<br>Email:&nbsp;schaub[at]uni-wuppertal.de<br>Office: &nbsp;G.14.33<\/p>\n\n\n\n<p>Louise is a PhD candidate at the University of Wuppertal. Her research focuses on developing low-rank approximations for kernel-based methods, with a particular emphasis on randomized techniques. The aim of her work is to improve the efficiency and scalability of Gaussian processes and other kernel methods, enabling their application to large-scale problems.<\/p>\n\n\n\n<p>She holds both a Bachelor\u2019s and a Master\u2019s degree in Mathematics from the University of Bayreuth, where she specialized in high-dimensional optimization, partial differential equations, and optimization in machine learning.<\/p>\n","protected":false},"excerpt":{"rendered":"<p>PhD candidate at Bergische Universit\u00e4t Wuppertal. Bergische Universit\u00e4t WuppertalGau\u00dfstra\u00dfe 2042119 Wuppertal, Germany Tel: +49 202 439-5247Email:&nbsp;schaub[at]uni-wuppertal.deOffice: &nbsp;G.14.33 Louise is a PhD candidate at the University of Wuppertal. Her research focuses on developing low-rank approximations for kernel-based methods, with a particular<\/p>\n","protected":false},"author":2,"featured_media":0,"parent":0,"menu_order":0,"comment_status":"closed","ping_status":"closed","template":"","meta":{"_import_markdown_pro_load_document_selector":0,"_import_markdown_pro_submit_text_textarea":"","_mc_calendar":[],"footnotes":""},"class_list":["post-1413","page","type-page","status-publish","hentry"],"_links":{"self":[{"href":"https:\/\/www.peter-zaspel.de\/index.php?rest_route=\/wp\/v2\/pages\/1413","targetHints":{"allow":["GET"]}}],"collection":[{"href":"https:\/\/www.peter-zaspel.de\/index.php?rest_route=\/wp\/v2\/pages"}],"about":[{"href":"https:\/\/www.peter-zaspel.de\/index.php?rest_route=\/wp\/v2\/types\/page"}],"author":[{"embeddable":true,"href":"https:\/\/www.peter-zaspel.de\/index.php?rest_route=\/wp\/v2\/users\/2"}],"replies":[{"embeddable":true,"href":"https:\/\/www.peter-zaspel.de\/index.php?rest_route=%2Fwp%2Fv2%2Fcomments&post=1413"}],"version-history":[{"count":5,"href":"https:\/\/www.peter-zaspel.de\/index.php?rest_route=\/wp\/v2\/pages\/1413\/revisions"}],"predecessor-version":[{"id":1683,"href":"https:\/\/www.peter-zaspel.de\/index.php?rest_route=\/wp\/v2\/pages\/1413\/revisions\/1683"}],"wp:attachment":[{"href":"https:\/\/www.peter-zaspel.de\/index.php?rest_route=%2Fwp%2Fv2%2Fmedia&parent=1413"}],"curies":[{"name":"wp","href":"https:\/\/api.w.org\/{rel}","templated":true}]}}