{"id":556,"date":"2022-05-17T08:34:52","date_gmt":"2022-05-17T08:34:52","guid":{"rendered":"https:\/\/www.peter-zaspel.de\/?page_id=556"},"modified":"2025-08-06T09:42:23","modified_gmt":"2025-08-06T09:42:23","slug":"m-sc-vivin-vinod","status":"publish","type":"page","link":"https:\/\/www.peter-zaspel.de\/?page_id=556","title":{"rendered":"Dr. Vivin Vinod"},"content":{"rendered":"\n<div class=\"wp-block-columns is-layout-flex wp-container-core-columns-is-layout-9d6595d7 wp-block-columns-is-layout-flex\">\n<div class=\"wp-block-column is-layout-flow wp-block-column-is-layout-flow\" style=\"flex-basis:33.33%\">\n<figure class=\"wp-block-image size-large\"><img loading=\"lazy\" decoding=\"async\" width=\"846\" height=\"1024\" src=\"https:\/\/www.peter-zaspel.de\/wp-content\/uploads\/2022\/05\/VIVIN-846x1024.jpeg\" alt=\"\" class=\"wp-image-557\" srcset=\"https:\/\/www.peter-zaspel.de\/wp-content\/uploads\/2022\/05\/VIVIN-846x1024.jpeg 846w, https:\/\/www.peter-zaspel.de\/wp-content\/uploads\/2022\/05\/VIVIN-248x300.jpeg 248w, https:\/\/www.peter-zaspel.de\/wp-content\/uploads\/2022\/05\/VIVIN-768x930.jpeg 768w, https:\/\/www.peter-zaspel.de\/wp-content\/uploads\/2022\/05\/VIVIN-1268x1536.jpeg 1268w, https:\/\/www.peter-zaspel.de\/wp-content\/uploads\/2022\/05\/VIVIN-1691x2048.jpeg 1691w\" sizes=\"auto, (max-width: 846px) 100vw, 846px\" \/><\/figure>\n<\/div>\n\n\n\n<div class=\"wp-block-column is-layout-flow wp-block-column-is-layout-flow\" style=\"flex-basis:66.66%\">\n<p><strong>Research Associate<\/strong><\/p>\n\n\n\n<p>Bergische Universit\u00e4t Wuppertal<br>Fakult\u00e4t f\u00fcr Mathematik und Naturwissenschaften<br>Wissenschaftliches Rechnen und Hochleistungsrechnen<br>Gau\u00dfstra\u00dfe 20<br>42119 Wuppertal, Germany<br><\/p>\n\n\n\n<p>Phone: +49 202 439\u00a02544 <br>Fax: +49 202 439 3135<br>Email: vinod[at]uni-wuppertal.de<br>Office: Building G, Room: G.14.01<\/p>\n<\/div>\n<\/div>\n\n\n\n<p>Vivin Vinod is a post-doctoral Research Associate at the University of Wuppertal in Germany. He has a multidisciplinary background, holding a Bachelor&#8217;s (Hons) in Physics with minors in Mathematics and Philosophy, and a Master of Science in Economics with a focus on advanced computational simulations for econometrics and machine learning for financial swap assessment. He holds a PhD in Computer Science from the University of Wuppertal.&nbsp;<\/p>\n\n\n\n<p>His current research continues work in the fields of multifidelity methods with applications to quantum chemistry. The extension of his research involves including multifidelity strategies for active learning and uncertainty quantification.<strong><\/strong><\/p>\n\n\n\n<p><strong>Master\u2019s Thesis:<\/strong> Credit Risk Modelling in Application: Catastrophe Swaps and Deep Learning Approaches [<strong><a href=\"https:\/\/etd.adm.unipi.it\/t\/etd-04142021-113103\/\">https:\/\/etd.adm.unipi.it\/t\/etd-04142021-113103\/<\/a><\/strong>]<strong><\/strong><\/p>\n\n\n\n<p><strong>PhD Thesis:<\/strong>&nbsp; Multifidelity Machine Learning Methods for Quantum Chemical Properties [<strong><a href=\"https:\/\/doi.org\/10.25926\/BUW\/0-851\">https:\/\/<\/a><a href=\"https:\/\/doi.org\/10.25926\/BUW\/0-851\">doi.org\/10.25926\/BUW\/0-85<\/a><a href=\"https:\/\/doi.org\/10.25926\/BUW\/0-851\">1<\/a><\/strong>]<strong><\/strong><\/p>\n\n\n\n<p><strong>Social:<\/strong> LinkedIn [<strong><a href=\"https:\/\/www.linkedin.com\/in\/vivin-vinod\/\">https:\/\/www.linkedin.com\/in\/vivin-vinod\/<\/a><\/strong>], ORCID [<strong><a href=\"https:\/\/orcid.org\/0000-0001-6218-5053\">https:\/\/orcid.org\/0000-0001-6218-5053<\/a><\/strong>], Google Scholar [<strong><a href=\"https:\/\/scholar.google.com\/citations?user=5HdwG1wAAAAJ&amp;hl=en\">https:\/\/scholar.google.com\/citations?user=5HdwG1wAAAAJ&amp;hl=en<\/a><\/strong>] , GitHub [<strong><a href=\"https:\/\/github.com\/vivinvinod\">https:\/\/github.com\/vivinvinod<\/a><\/strong>]<strong><\/strong><\/p>\n\n\n\n<p><\/p>\n","protected":false},"excerpt":{"rendered":"<p>Research Associate Bergische Universit\u00e4t WuppertalFakult\u00e4t f\u00fcr Mathematik und NaturwissenschaftenWissenschaftliches Rechnen und HochleistungsrechnenGau\u00dfstra\u00dfe 2042119 Wuppertal, Germany Phone: +49 202 439\u00a02544 Fax: +49 202 439 3135Email: vinod[at]uni-wuppertal.deOffice: Building G, Room: G.14.01 Vivin Vinod is a post-doctoral Research Associate at the University of<\/p>\n","protected":false},"author":1,"featured_media":0,"parent":0,"menu_order":0,"comment_status":"closed","ping_status":"closed","template":"","meta":{"_import_markdown_pro_load_document_selector":0,"_import_markdown_pro_submit_text_textarea":"","_mc_calendar":[],"footnotes":""},"class_list":["post-556","page","type-page","status-publish","hentry"],"_links":{"self":[{"href":"https:\/\/www.peter-zaspel.de\/index.php?rest_route=\/wp\/v2\/pages\/556","targetHints":{"allow":["GET"]}}],"collection":[{"href":"https:\/\/www.peter-zaspel.de\/index.php?rest_route=\/wp\/v2\/pages"}],"about":[{"href":"https:\/\/www.peter-zaspel.de\/index.php?rest_route=\/wp\/v2\/types\/page"}],"author":[{"embeddable":true,"href":"https:\/\/www.peter-zaspel.de\/index.php?rest_route=\/wp\/v2\/users\/1"}],"replies":[{"embeddable":true,"href":"https:\/\/www.peter-zaspel.de\/index.php?rest_route=%2Fwp%2Fv2%2Fcomments&post=556"}],"version-history":[{"count":8,"href":"https:\/\/www.peter-zaspel.de\/index.php?rest_route=\/wp\/v2\/pages\/556\/revisions"}],"predecessor-version":[{"id":1551,"href":"https:\/\/www.peter-zaspel.de\/index.php?rest_route=\/wp\/v2\/pages\/556\/revisions\/1551"}],"wp:attachment":[{"href":"https:\/\/www.peter-zaspel.de\/index.php?rest_route=%2Fwp%2Fv2%2Fmedia&parent=556"}],"curies":[{"name":"wp","href":"https:\/\/api.w.org\/{rel}","templated":true}]}}