{"id":75,"date":"2020-06-01T17:04:18","date_gmt":"2020-06-01T17:04:18","guid":{"rendered":"http:\/\/mlhpc2.peter-zaspel.de\/?page_id=75"},"modified":"2026-02-18T14:32:14","modified_gmt":"2026-02-18T14:32:14","slug":"prof-dr-peter-zaspel","status":"publish","type":"page","link":"https:\/\/www.peter-zaspel.de\/?page_id=75","title":{"rendered":"Prof. Dr. Peter Zaspel"},"content":{"rendered":"\n<div class=\"wp-block-media-text alignwide is-stacked-on-mobile\" style=\"grid-template-columns:26% auto\"><figure class=\"wp-block-media-text__media\"><img loading=\"lazy\" decoding=\"async\" width=\"739\" height=\"1024\" src=\"http:\/\/mlhpc2.peter-zaspel.de\/wp-content\/uploads\/2020\/06\/zaspel-739x1024.jpg\" alt=\"\" class=\"wp-image-76 size-full\" srcset=\"https:\/\/www.peter-zaspel.de\/wp-content\/uploads\/2020\/06\/zaspel-739x1024.jpg 739w, https:\/\/www.peter-zaspel.de\/wp-content\/uploads\/2020\/06\/zaspel-217x300.jpg 217w, https:\/\/www.peter-zaspel.de\/wp-content\/uploads\/2020\/06\/zaspel-768x1064.jpg 768w, https:\/\/www.peter-zaspel.de\/wp-content\/uploads\/2020\/06\/zaspel-1109x1536.jpg 1109w, https:\/\/www.peter-zaspel.de\/wp-content\/uploads\/2020\/06\/zaspel-1479x2048.jpg 1479w, https:\/\/www.peter-zaspel.de\/wp-content\/uploads\/2020\/06\/zaspel.jpg 1535w\" sizes=\"auto, (max-width: 739px) 100vw, 739px\" \/><\/figure><div class=\"wp-block-media-text__content\">\n<p><strong>W2 Professor in Software for Data-Intensive Applications<\/strong><\/p>\n\n\n\n<p>Bergische Universit\u00e4t Wuppertal<br>Fakult\u00e4t f\u00fcr Mathematik und Naturwissenschaften<br>Wissenschaftliches Rechnen und Hochleistungsrechnen<\/p>\n\n\n\n<p>Gau\u00dfstra\u00dfe 20<br>42119 Wuppertal, Germany<br><br>Tel: +49 202 439 2668<br>Email: zaspel at uni-wuppertal.de<br>Office: G.14.13<\/p>\n<\/div><\/div>\n\n\n\n<h4 class=\"wp-block-heading\">Theses<\/h4>\n\n\n\n<p>P. Zaspel. <a href=\"https:\/\/www.peter-zaspel.de\/wp-content\/uploads\/2020\/12\/habilitation_small.pdf\">High-dimensional approximation for large-scale applications<\/a>, Habilitation Thesis in Mathematics, University of Basel, Switzerland, April 2021.<\/p>\n\n\n\n<p>P. Zaspel. <a href=\"https:\/\/bonndoc.ulb.uni-bonn.de\/xmlui\/handle\/20.500.11811\/6484\">Parallel RBF Kernel-Based Stochastic Collocation for Large-Scale Random PDEs<\/a>, PhD Thesis, Institute for Numerical Simulation, University of Bonn, Germany, April 2015<\/p>\n\n\n\n<p>P. Zaspel. Zweiphasige Navier-Stokes Fluidsimulationen in Maya: Konfiguration, Visualisierung und Animation. Diploma Thesis, Institute for Numerical Simulation, University of Bonn, April 2009.<\/p>\n\n\n\n<h4 class=\"wp-block-heading\">Academic career path<\/h4>\n\n\n\n<figure class=\"wp-block-table\"><table><tbody><tr><td>since July 2023<\/td><td><strong>W2 Professorship in Software for Data-Intensive Applications<\/strong>, Bergische Universit\u00e4t Wuppertal, Wuppertal, Germany<\/td><\/tr><tr><td>March 2022 &#8211; June 2023<\/td><td><strong>Assistant Professor of Computer Science<\/strong> (Machine Learning), Jacobs University Bremen gGmbH, Bremen, Germany<\/td><\/tr><tr><td>Aug. 2019 &#8211; Feb. 2022<\/td><td><strong>Interim Professor of Computer Science <\/strong>(Machine Learning), Jacobs University Bremen gGmbH, Bremen, Germany<\/td><\/tr><tr><td>2017 &#8211; 2019<\/td><td><strong>Postdoc,<\/strong> Department of Mathematics and Computer Science at the University of Basel (DMI, topical area: mathematics), Basel, Switzerland.<\/td><\/tr><tr><td>2015 &#8211; 2017<\/td><td><strong>Postdoc<\/strong>, Heidelberg Institute for Theoretical Studies: HITS gGmbH, Heidelberg, Germany.<\/td><\/tr><tr><td>2015 &#8211; 2017<\/td><td><strong>Postdoc (associated)<\/strong>, Interdisziplinary Center for Scientific Computing (IWR, University of Heidelberg), Heidelberg, Germany.<\/td><\/tr><tr><td>2009 &#8211; 2015<\/td><td><strong>Research assistant<\/strong>, Institute for Numerical Simulation (INS, University of Bonn), Bonn, Germany.<\/td><\/tr><\/tbody><\/table><\/figure>\n\n\n\n<h4 class=\"wp-block-heading\">Education<\/h4>\n\n\n\n<figure class=\"wp-block-table\"><table><tbody><tr><td>2019 &#8211; 2021<\/td><td><strong>Habilitation in mathematics<\/strong>, University of Basel, Basel, Switzerland.<\/td><\/tr><tr><td>2009 &#8211; 2015<\/td><td><strong>PhD student in applied mathematics<\/strong>, University of Bonn, Bonn, Germany.<\/td><\/tr><tr><td>2004 &#8211; 2009<\/td><td><strong><em>Diplom<\/em> student in computer science<\/strong>, University of Bonn, Bonn, Germany.<\/td><\/tr><\/tbody><\/table><\/figure>\n\n\n\n<h4 class=\"wp-block-heading\">Invited Talks<\/h4>\n\n\n\n<p><em>Augmenting the explanatory power of predictions by uncertainty quantification<\/em>,<br>2nd Workshop on Embedded Machine Learning &#8211; WEML2018, Heidelberg University, Nov 8, 2018.<\/p>\n\n\n\n<p><em>Meshfree and multi-index approximations for parametric real-world problems<\/em>,<br>Seminar on Uncertainty Quantification, RWTH Aachen, Aachen, Germany, August 29, 2018.<\/p>\n\n\n\n<p><em>Optimal-complexity kernel-based stochastic collocation with application in fluid mechanics<\/em>,<br><a href=\"https:\/\/mathicse.epfl.ch\/seminars\">Seminar of the &#8220;Mathematics in Computational Science and Engineering&#8221; group<\/a>, on invite by Prof. Dr. Fabio Nobile, EPFL, Lausanne, Switzerland, October 24, 2017.<\/p>\n\n\n\n<p><em>Scalable solvers for meshless methods on many-core clusters<\/em>,<br><a href=\"https:\/\/indico.sissa.it\/event\/8\/overview\">QUIET 2017 &#8211; Quantification of Uncertainty: Improving Efficiency and Technology<\/a>, SISSA, International School for Advanced Studies, Trieste, Italy, July 18-21, 2017.<\/p>\n\n\n\n<p><em>H-matrices on many-core hardware with applications in parametric PDE&#8217;s<\/em>,<br><a href=\"https:\/\/www.tf.uni-kiel.de\/de\/das-dekanat\/aktuelles\/kolloquien\/kolloquium-wintersemester-2016-2017\/kolloquiumsvortrag-nn-am-09.12.2016\">Colloquium of the Faculty of Engineering<\/a>, on invite by Prof. Dr. Steffen B\u00f6rm, University of Kiel, December 9, 2016.<\/p>\n\n\n\n<p><em>Algorithmic patterns for hierarchical matrices on many-core processors<\/em>,<br><a href=\"https:\/\/dmi.unibas.ch\/de\/forschung\/mathematik\/seminar-in-numerical-analysis\/\">Seminar in Numerical Analysis<\/a>, on invite by Prof. Dr. Helmut Harbrecht, University of Basel, September 18, 2016.<\/p>\n","protected":false},"excerpt":{"rendered":"<p>W2 Professor in Software for Data-Intensive Applications Bergische Universit\u00e4t WuppertalFakult\u00e4t f\u00fcr Mathematik und NaturwissenschaftenWissenschaftliches Rechnen und Hochleistungsrechnen Gau\u00dfstra\u00dfe 2042119 Wuppertal, Germany Tel: +49 202 439 2668Email: zaspel at uni-wuppertal.deOffice: G.14.13 Theses P. Zaspel. High-dimensional approximation for large-scale applications, Habilitation Thesis<\/p>\n","protected":false},"author":1,"featured_media":0,"parent":0,"menu_order":0,"comment_status":"closed","ping_status":"closed","template":"","meta":{"_import_markdown_pro_load_document_selector":0,"_import_markdown_pro_submit_text_textarea":"","_mc_calendar":[],"footnotes":""},"class_list":["post-75","page","type-page","status-publish","hentry"],"_links":{"self":[{"href":"https:\/\/www.peter-zaspel.de\/index.php?rest_route=\/wp\/v2\/pages\/75","targetHints":{"allow":["GET"]}}],"collection":[{"href":"https:\/\/www.peter-zaspel.de\/index.php?rest_route=\/wp\/v2\/pages"}],"about":[{"href":"https:\/\/www.peter-zaspel.de\/index.php?rest_route=\/wp\/v2\/types\/page"}],"author":[{"embeddable":true,"href":"https:\/\/www.peter-zaspel.de\/index.php?rest_route=\/wp\/v2\/users\/1"}],"replies":[{"embeddable":true,"href":"https:\/\/www.peter-zaspel.de\/index.php?rest_route=%2Fwp%2Fv2%2Fcomments&post=75"}],"version-history":[{"count":21,"href":"https:\/\/www.peter-zaspel.de\/index.php?rest_route=\/wp\/v2\/pages\/75\/revisions"}],"predecessor-version":[{"id":1686,"href":"https:\/\/www.peter-zaspel.de\/index.php?rest_route=\/wp\/v2\/pages\/75\/revisions\/1686"}],"wp:attachment":[{"href":"https:\/\/www.peter-zaspel.de\/index.php?rest_route=%2Fwp%2Fv2%2Fmedia&parent=75"}],"curies":[{"name":"wp","href":"https:\/\/api.w.org\/{rel}","templated":true}]}}